
{"id":170,"date":"2015-06-25T09:48:19","date_gmt":"2015-06-25T09:48:19","guid":{"rendered":"http:\/\/transparencia.castalla.org\/?page_id=170"},"modified":"2021-02-20T10:15:23","modified_gmt":"2021-02-20T10:15:23","slug":"presupuesto","status":"publish","type":"page","link":"https:\/\/transparencia.castalla.org\/?page_id=170","title":{"rendered":"Presupuesto"},"content":{"rendered":"<div class=\"fusion-fullwidth fullwidth-box fusion-fullwidth-1  fusion-parallax-none hundred-percent-fullwidth\" style=\"border-color:#eae9e9;border-bottom-width: 0px;border-top-width: 0px;border-bottom-style: solid;border-top-style: solid;padding-bottom:50px;padding-top:50px;padding-left:0px;padding-right:0px;background-position:center center;background-repeat:no-repeat;-webkit-background-size:cover;-moz-background-size:cover;-o-background-size:cover;background-size:cover;-ms-filter: &quot;progid:DXImageTransform.Microsoft.AlphaImageLoader(src=&#039;http:\/\/transparencia.castalla.org\/wp-content\/uploads\/2015\/06\/presupuesto-cedec-300x174.jpg&#039;, sizingMethod=&#039;scale&#039;)&quot;;background-image: url(http:\/\/transparencia.castalla.org\/wp-content\/uploads\/2015\/06\/presupuesto-cedec-300x174.jpg);\"><style type=\"text\/css\" scoped=\"scoped\">.fusion-fullwidth-1 {\n                            padding-left: 0px !important;\n                            padding-right: 0px !important;\n                        }<\/style><div class=\"fusion-row\"><h1 style=\"text-align: center;\"><span style=\"color: #bdbdbd;\">Presupuesto<\/span><\/h1>\n<\/div><\/div><div class=\"accordian fusion-accordian\"><div class=\"panel-group\" id=\"accordion-170-1\"><div class=\"fusion-panel panel-default\"><div class=\"panel-heading\"><h4 class=\"panel-title toggle\"><a data-toggle=\"collapse\" data-parent=\"#accordion-170-1\" data-target=\"#391dc7071a02f021a\" href=\"#391dc7071a02f021a\"><div class=\"fusion-toggle-icon-wrapper\"><i class=\"fa-fusion-box\"><\/i><\/div><div class=\"fusion-toggle-heading\">Presupuesto General<\/div><\/a><\/h4><\/div><div id=\"391dc7071a02f021a\" class=\"panel-collapse collapse \"><div class=\"panel-body toggle-content\">\n\n\n\n\n\n<html lang=\"en\">\n<head>\n<meta http-equiv=\"Content-Type\" content=\"text\/html; charset=UTF-8\">\n\t\n<\/head>\n\n\n\n<body>\n\n \n\n\t\t\n\n\t\t\n\t\t\t<script>\n\t\t\tfunction abrir(codigo) { \n\t\t\t\twindow.open (\"https:\/\/carpeta.castalla.org\/\/eAdmin\/\/ValidarDocumento.do?id_Documento=\"+codigo+\"&tipo=doc\",\"_blank\",\"toolbar=0,scrollbars=1,location=1,directories=0,status=1,menubar=0,scrollbars=0,resizable=1,width=1000,height=400\"); \n\t\t\t}\t\n\t\t\t<\/script>\n\t\t\t\n\t\t\t<!-- *************  LISTA DE DOCUMENTOS  ************************ -->\n\t\t\t<!-- \n\t\t\t\n\t\t\t<div class=\"reading-box\" style=\"background-color:#fff;border-width:1px;border-color:#ededed;border-top-width:1px;border-top-color:#a0ce4e;border-style:solid;\">\n\t\t\t   <a class=\"button fusion-button button-default button-round fusion-button-large button-large button-flat continue continue-right\" style=\"-webkit-box-shadow:none;-moz-box-shadow:none;box-shadow:none;\" href=\"javascript:abrir('Fb4\/XkNQHps=')\" target=\"_self\"><span>ver documento<\/span><\/a>\n\t\t\t   <h2 data-lineheight=\"27\" data-fontsize=\"18\"><i class=\"fa fa-file\" style=\"color:#000000;\"><\/i>&nbsp;&nbsp;&nbsp; APROBACI\u00d3N DEFINITIVA PRESUPUESTO 2022<\/h2>\n\t\t\t   <div class=\"reading-box-description\">&nbsp;&nbsp;&nbsp;&nbsp;&nbsp;&nbsp;&nbsp;&nbsp;&nbsp;Presupuesto 2022 <\/div>\n\t\t\t<\/div>\n\t\t\t\n\t\t\t<div class=\"reading-box\" style=\"background-color:#fff;border-width:1px;border-color:#ededed;border-top-width:1px;border-top-color:#a0ce4e;border-style:solid;\">\n\t\t\t   <a class=\"button fusion-button button-default button-round fusion-button-large button-large button-flat continue continue-right\" style=\"-webkit-box-shadow:none;-moz-box-shadow:none;box-shadow:none;\" href=\"javascript:abrir('hwmEeNqIJMI=')\" target=\"_self\"><span>ver documento<\/span><\/a>\n\t\t\t   <h2 data-lineheight=\"27\" data-fontsize=\"18\"><i class=\"fa fa-file\" style=\"color:#000000;\"><\/i>&nbsp;&nbsp;&nbsp; Presupuesto 2021<\/h2>\n\t\t\t   <div class=\"reading-box-description\">&nbsp;&nbsp;&nbsp;&nbsp;&nbsp;&nbsp;&nbsp;&nbsp;&nbsp;Edicto aprobaci\u00f3n definitiva presupuesto 2021<\/div>\n\t\t\t<\/div>\n\t\t\t\n\t\t\t -->\n\t\t\t\n\t\t\t\n\t\t\t\n\t\t\t\t> <a href=\"javascript:abrir('Fb4\/XkNQHps=')\">APROBACI\u00d3N DEFINITIVA PRESUPUESTO 2022<\/a>\n\t\t\t\tPresupuesto 2022 <br\/>\n\t\t\t\n\t\t\t\n\t\t\t\n\t\t\t\n\t\t\t\n\t\t\t\n\t\t\t\n\t\t\t\t> <a href=\"javascript:abrir('hwmEeNqIJMI=')\">Presupuesto 2021<\/a>\n\t\t\t\tEdicto aprobaci\u00f3n definitiva presupuesto 2021<br\/>\n\t\t\t\n\t\t\t\n\t\t\t\n\t\t\t\n\t\t\t\n\t\t\t\n\t\t\n\n\t\t\n\n\t\t\n\n\n<\/body>\n<\/html>\n\n\n\n<\/div><\/div><\/div><div class=\"fusion-panel panel-default\"><div class=\"panel-heading\"><h4 class=\"panel-title toggle\"><a data-toggle=\"collapse\" data-parent=\"#accordion-170-1\" data-target=\"#799b2b9fa4ec2c07e\" href=\"#799b2b9fa4ec2c07e\"><div class=\"fusion-toggle-icon-wrapper\"><i class=\"fa-fusion-box\"><\/i><\/div><div class=\"fusion-toggle-heading\">Modificaciones Presupuestarias aprobadas por el Pleno<\/div><\/a><\/h4><\/div><div id=\"799b2b9fa4ec2c07e\" class=\"panel-collapse collapse \"><div class=\"panel-body toggle-content\">\n\n\n\n\n\n<html lang=\"en\">\n<head>\n<meta http-equiv=\"Content-Type\" content=\"text\/html; charset=UTF-8\">\n\t\n<\/head>\n\n\n\n<body>\n\n \n\n\t\t\n\n\t\t\n\t\t\t<script>\n\t\t\tfunction abrir(codigo) { \n\t\t\t\twindow.open (\"https:\/\/carpeta.castalla.org\/\/eAdmin\/\/ValidarDocumento.do?id_Documento=\"+codigo+\"&tipo=doc\",\"_blank\",\"toolbar=0,scrollbars=1,location=1,directories=0,status=1,menubar=0,scrollbars=0,resizable=1,width=1000,height=400\"); \n\t\t\t}\t\n\t\t\t<\/script>\n\t\t\t\n\t\t\t<!-- *************  LISTA DE DOCUMENTOS  ************************ -->\n\t\t\t<!-- \n\t\t\t\n\t\t\t<div class=\"reading-box\" style=\"background-color:#fff;border-width:1px;border-color:#ededed;border-top-width:1px;border-top-color:#a0ce4e;border-style:solid;\">\n\t\t\t   <a class=\"button fusion-button button-default button-round fusion-button-large button-large button-flat continue continue-right\" style=\"-webkit-box-shadow:none;-moz-box-shadow:none;box-shadow:none;\" href=\"javascript:abrir('ILLc0ZxFja8=')\" target=\"_self\"><span>ver documento<\/span><\/a>\n\t\t\t   <h2 data-lineheight=\"27\" data-fontsize=\"18\"><i class=\"fa fa-file\" style=\"color:#000000;\"><\/i>&nbsp;&nbsp;&nbsp; Modificaci\u00f3n de cr\u00e9dito 10\/2022<\/h2>\n\t\t\t   <div class=\"reading-box-description\">&nbsp;&nbsp;&nbsp;&nbsp;&nbsp;&nbsp;&nbsp;&nbsp;&nbsp;MODIFICACION DE CREDITOS N\u00ba 10 INCORPORACION DE REMANENTES - PLENO<\/div>\n\t\t\t<\/div>\n\t\t\t\n\t\t\t<div class=\"reading-box\" style=\"background-color:#fff;border-width:1px;border-color:#ededed;border-top-width:1px;border-top-color:#a0ce4e;border-style:solid;\">\n\t\t\t   <a class=\"button fusion-button button-default button-round fusion-button-large button-large button-flat continue continue-right\" style=\"-webkit-box-shadow:none;-moz-box-shadow:none;box-shadow:none;\" href=\"javascript:abrir('L4llB696zd0=')\" target=\"_self\"><span>ver documento<\/span><\/a>\n\t\t\t   <h2 data-lineheight=\"27\" data-fontsize=\"18\"><i class=\"fa fa-file\" style=\"color:#000000;\"><\/i>&nbsp;&nbsp;&nbsp; Modificaci\u00f3n de cr\u00e9dito  n\u00ba 16<\/h2>\n\t\t\t   <div class=\"reading-box-description\">&nbsp;&nbsp;&nbsp;&nbsp;&nbsp;&nbsp;&nbsp;&nbsp;&nbsp;Suplemento de cr\u00e9dito y cr\u00e9dito extraordinario<\/div>\n\t\t\t<\/div>\n\t\t\t\n\t\t\t<div class=\"reading-box\" style=\"background-color:#fff;border-width:1px;border-color:#ededed;border-top-width:1px;border-top-color:#a0ce4e;border-style:solid;\">\n\t\t\t   <a class=\"button fusion-button button-default button-round fusion-button-large button-large button-flat continue continue-right\" style=\"-webkit-box-shadow:none;-moz-box-shadow:none;box-shadow:none;\" href=\"javascript:abrir('jc0bgTxuWPs=')\" target=\"_self\"><span>ver documento<\/span><\/a>\n\t\t\t   <h2 data-lineheight=\"27\" data-fontsize=\"18\"><i class=\"fa fa-file\" style=\"color:#000000;\"><\/i>&nbsp;&nbsp;&nbsp; Modificaci\u00f3n de cr\u00e9dito n\u00ba 15<\/h2>\n\t\t\t   <div class=\"reading-box-description\">&nbsp;&nbsp;&nbsp;&nbsp;&nbsp;&nbsp;&nbsp;&nbsp;&nbsp;Suplemento de cr\u00e9dito y cr\u00e9dito extraordinario<\/div>\n\t\t\t<\/div>\n\t\t\t\n\t\t\t<div class=\"reading-box\" style=\"background-color:#fff;border-width:1px;border-color:#ededed;border-top-width:1px;border-top-color:#a0ce4e;border-style:solid;\">\n\t\t\t   <a class=\"button fusion-button button-default button-round fusion-button-large button-large button-flat continue continue-right\" style=\"-webkit-box-shadow:none;-moz-box-shadow:none;box-shadow:none;\" href=\"javascript:abrir('KPNVeXaPps0=')\" target=\"_self\"><span>ver documento<\/span><\/a>\n\t\t\t   <h2 data-lineheight=\"27\" data-fontsize=\"18\"><i class=\"fa fa-file\" style=\"color:#000000;\"><\/i>&nbsp;&nbsp;&nbsp; Modificaci\u00f3n de cr\u00e9dito n\u00ba 10\/2021<\/h2>\n\t\t\t   <div class=\"reading-box-description\">&nbsp;&nbsp;&nbsp;&nbsp;&nbsp;&nbsp;&nbsp;&nbsp;&nbsp;Incorporaci\u00f3n de remanentes.<\/div>\n\t\t\t<\/div>\n\t\t\t\n\t\t\t -->\n\t\t\t\n\t\t\t\n\t\t\t\n\t\t\t\t> <a href=\"javascript:abrir('ILLc0ZxFja8=')\">Modificaci\u00f3n de cr\u00e9dito 10\/2022<\/a>\n\t\t\t\tMODIFICACION DE CREDITOS N\u00ba 10 INCORPORACION DE REMANENTES - PLENO<br\/>\n\t\t\t\n\t\t\t\n\t\t\t\n\t\t\t\n\t\t\t\n\t\t\t\n\t\t\t\n\t\t\t\t> <a href=\"javascript:abrir('L4llB696zd0=')\">Modificaci\u00f3n de cr\u00e9dito  n\u00ba 16<\/a>\n\t\t\t\tSuplemento de cr\u00e9dito y cr\u00e9dito extraordinario<br\/>\n\t\t\t\n\t\t\t\n\t\t\t\n\t\t\t\n\t\t\t\n\t\t\t\n\t\t\t\n\t\t\t\t> <a href=\"javascript:abrir('jc0bgTxuWPs=')\">Modificaci\u00f3n de cr\u00e9dito n\u00ba 15<\/a>\n\t\t\t\tSuplemento de cr\u00e9dito y cr\u00e9dito extraordinario<br\/>\n\t\t\t\n\t\t\t\n\t\t\t\n\t\t\t\n\t\t\t\n\t\t\t\n\t\t\t\n\t\t\t\t> <a href=\"javascript:abrir('KPNVeXaPps0=')\">Modificaci\u00f3n de cr\u00e9dito n\u00ba 10\/2021<\/a>\n\t\t\t\tIncorporaci\u00f3n de remanentes.<br\/>\n\t\t\t\n\t\t\t\n\t\t\t\n\t\t\t\n\t\t\t\n\t\t\t\n\t\t\n\n\t\t\n\n\t\t\n\n\n<\/body>\n<\/html>\n\n\n\n<\/div><\/div><\/div><div class=\"fusion-panel panel-default\"><div class=\"panel-heading\"><h4 class=\"panel-title toggle\"><a data-toggle=\"collapse\" data-parent=\"#accordion-170-1\" data-target=\"#53f8b513fc9bef459\" href=\"#53f8b513fc9bef459\"><div class=\"fusion-toggle-icon-wrapper\"><i class=\"fa-fusion-box\"><\/i><\/div><div class=\"fusion-toggle-heading\">Estado de ejecuci\u00f3n del presupuesto<\/div><\/a><\/h4><\/div><div id=\"53f8b513fc9bef459\" class=\"panel-collapse collapse \"><div class=\"panel-body toggle-content\">\n\n\n\n\n\n<html lang=\"en\">\n<head>\n<meta http-equiv=\"Content-Type\" content=\"text\/html; charset=UTF-8\">\n\t\n<\/head>\n\n\n\n<body>\n\n \n\n\t\t\n\n\t\t\n\t\t\t<script>\n\t\t\tfunction abrir(codigo) { \n\t\t\t\twindow.open (\"https:\/\/carpeta.castalla.org\/\/eAdmin\/\/ValidarDocumento.do?id_Documento=\"+codigo+\"&tipo=doc\",\"_blank\",\"toolbar=0,scrollbars=1,location=1,directories=0,status=1,menubar=0,scrollbars=0,resizable=1,width=1000,height=400\"); \n\t\t\t}\t\n\t\t\t<\/script>\n\t\t\t\n\t\t\t<!-- *************  LISTA DE DOCUMENTOS  ************************ -->\n\t\t\t<!-- \n\t\t\t\n\t\t\t -->\n\t\t\t\n\t\t\t\n\t\t\n\n\t\t\n\n\t\t\n\n\n<\/body>\n<\/html>\n\n\n\n<\/div><\/div><\/div><div class=\"fusion-panel panel-default\"><div class=\"panel-heading\"><h4 class=\"panel-title toggle\"><a data-toggle=\"collapse\" data-parent=\"#accordion-170-1\" data-target=\"#60f2f44675e196665\" href=\"#60f2f44675e196665\"><div class=\"fusion-toggle-icon-wrapper\"><i class=\"fa-fusion-box\"><\/i><\/div><div class=\"fusion-toggle-heading\">Cumplimento de objetivos de la estabilidad presupuestaria<\/div><\/a><\/h4><\/div><div id=\"60f2f44675e196665\" class=\"panel-collapse collapse \"><div class=\"panel-body toggle-content\">\n\n\n\n\n\n<html lang=\"en\">\n<head>\n<meta http-equiv=\"Content-Type\" content=\"text\/html; charset=UTF-8\">\n\t\n<\/head>\n\n\n\n<body>\n\n \n\n\t\t\n\n\t\t\n\t\t\t<script>\n\t\t\tfunction abrir(codigo) { \n\t\t\t\twindow.open (\"https:\/\/carpeta.castalla.org\/\/eAdmin\/\/ValidarDocumento.do?id_Documento=\"+codigo+\"&tipo=doc\",\"_blank\",\"toolbar=0,scrollbars=1,location=1,directories=0,status=1,menubar=0,scrollbars=0,resizable=1,width=1000,height=400\"); \n\t\t\t}\t\n\t\t\t<\/script>\n\t\t\t\n\t\t\t<!-- *************  LISTA DE DOCUMENTOS  ************************ -->\n\t\t\t<!-- \n\t\t\t\n\t\t\t -->\n\t\t\t\n\t\t\t\n\t\t\n\n\t\t\n\n\t\t\n\n\n<\/body>\n<\/html>\n\n\n\n<\/div><\/div><\/div><div class=\"fusion-panel panel-default\"><div class=\"panel-heading\"><h4 class=\"panel-title toggle\"><a data-toggle=\"collapse\" data-parent=\"#accordion-170-1\" data-target=\"#2a80de28512480848\" href=\"#2a80de28512480848\"><div class=\"fusion-toggle-icon-wrapper\"><i class=\"fa-fusion-box\"><\/i><\/div><div class=\"fusion-toggle-heading\">Autonom\u00eda fiscal (Derechos reconocidos netos de ingresos tributarios \/ Derechos reconocidos netos totales)<\/div><\/a><\/h4><\/div><div id=\"2a80de28512480848\" class=\"panel-collapse collapse \"><div class=\"panel-body toggle-content\">\n\n\n\n\n\n<html lang=\"en\">\n<head>\n<meta http-equiv=\"Content-Type\" content=\"text\/html; charset=UTF-8\">\n\t\n<\/head>\n\n\n\n<body>\n\n \n\n\t\t\n\n\t\t\n\t\t\t<script>\n\t\t\tfunction abrir(codigo) { \n\t\t\t\twindow.open (\"https:\/\/carpeta.castalla.org\/\/eAdmin\/\/ValidarDocumento.do?id_Documento=\"+codigo+\"&tipo=doc\",\"_blank\",\"toolbar=0,scrollbars=1,location=1,directories=0,status=1,menubar=0,scrollbars=0,resizable=1,width=1000,height=400\"); \n\t\t\t}\t\n\t\t\t<\/script>\n\t\t\t\n\t\t\t<!-- *************  LISTA DE DOCUMENTOS  ************************ -->\n\t\t\t<!-- \n\t\t\t\n\t\t\t -->\n\t\t\t\n\t\t\t\n\t\t\n\n\t\t\n\n\t\t\n\n\n<\/body>\n<\/html>\n\n\n\n<\/div><\/div><\/div><div class=\"fusion-panel panel-default\"><div class=\"panel-heading\"><h4 class=\"panel-title toggle\"><a data-toggle=\"collapse\" data-parent=\"#accordion-170-1\" data-target=\"#4552c7f5c791fb8b9\" href=\"#4552c7f5c791fb8b9\"><div class=\"fusion-toggle-icon-wrapper\"><i class=\"fa-fusion-box\"><\/i><\/div><div class=\"fusion-toggle-heading\">Capacidad o necesidad de financiaci\u00f3n en t\u00e9rminos de estabilidad presupuestaria (super\u00e1vit o d\u00e9ficit)<\/div><\/a><\/h4><\/div><div id=\"4552c7f5c791fb8b9\" class=\"panel-collapse collapse \"><div class=\"panel-body toggle-content\">\n\n\n\n\n\n<html lang=\"en\">\n<head>\n<meta http-equiv=\"Content-Type\" content=\"text\/html; charset=UTF-8\">\n\t\n<\/head>\n\n\n\n<body>\n\n \n\n\t\t\n\n\t\t\n\t\t\t<script>\n\t\t\tfunction abrir(codigo) { \n\t\t\t\twindow.open (\"https:\/\/carpeta.castalla.org\/\/eAdmin\/\/ValidarDocumento.do?id_Documento=\"+codigo+\"&tipo=doc\",\"_blank\",\"toolbar=0,scrollbars=1,location=1,directories=0,status=1,menubar=0,scrollbars=0,resizable=1,width=1000,height=400\"); \n\t\t\t}\t\n\t\t\t<\/script>\n\t\t\t\n\t\t\t<!-- *************  LISTA DE DOCUMENTOS  ************************ -->\n\t\t\t<!-- \n\t\t\t\n\t\t\t -->\n\t\t\t\n\t\t\t\n\t\t\n\n\t\t\n\n\t\t\n\n\n<\/body>\n<\/html>\n\n\n\n<\/div><\/div><\/div><div class=\"fusion-panel panel-default\"><div class=\"panel-heading\"><h4 class=\"panel-title toggle\"><a data-toggle=\"collapse\" data-parent=\"#accordion-170-1\" data-target=\"#db01d200ef5060c87\" href=\"#db01d200ef5060c87\"><div class=\"fusion-toggle-icon-wrapper\"><i class=\"fa-fusion-box\"><\/i><\/div><div class=\"fusion-toggle-heading\">Liquidaci\u00f3n del presupuesto<\/div><\/a><\/h4><\/div><div id=\"db01d200ef5060c87\" class=\"panel-collapse collapse \"><div class=\"panel-body toggle-content\">\n\n\n\n\n\n<html lang=\"en\">\n<head>\n<meta http-equiv=\"Content-Type\" content=\"text\/html; charset=UTF-8\">\n\t\n<\/head>\n\n\n\n<body>\n\n \n\n\t\t\n\n\t\t\n\t\t\t<script>\n\t\t\tfunction abrir(codigo) { \n\t\t\t\twindow.open (\"https:\/\/carpeta.castalla.org\/\/eAdmin\/\/ValidarDocumento.do?id_Documento=\"+codigo+\"&tipo=doc\",\"_blank\",\"toolbar=0,scrollbars=1,location=1,directories=0,status=1,menubar=0,scrollbars=0,resizable=1,width=1000,height=400\"); \n\t\t\t}\t\n\t\t\t<\/script>\n\t\t\t\n\t\t\t<!-- *************  LISTA DE DOCUMENTOS  ************************ -->\n\t\t\t<!-- \n\t\t\t\n\t\t\t<div class=\"reading-box\" style=\"background-color:#fff;border-width:1px;border-color:#ededed;border-top-width:1px;border-top-color:#a0ce4e;border-style:solid;\">\n\t\t\t   <a class=\"button fusion-button button-default button-round fusion-button-large button-large button-flat continue continue-right\" style=\"-webkit-box-shadow:none;-moz-box-shadow:none;box-shadow:none;\" href=\"javascript:abrir('E3SkVTA0T0A=')\" target=\"_self\"><span>ver documento<\/span><\/a>\n\t\t\t   <h2 data-lineheight=\"27\" data-fontsize=\"18\"><i class=\"fa fa-file\" style=\"color:#000000;\"><\/i>&nbsp;&nbsp;&nbsp; Liquidaci\u00f3n presupuesto 2021<\/h2>\n\t\t\t   <div class=\"reading-box-description\">&nbsp;&nbsp;&nbsp;&nbsp;&nbsp;&nbsp;&nbsp;&nbsp;&nbsp;Resultado presupuestario<\/div>\n\t\t\t<\/div>\n\t\t\t\n\t\t\t<div class=\"reading-box\" style=\"background-color:#fff;border-width:1px;border-color:#ededed;border-top-width:1px;border-top-color:#a0ce4e;border-style:solid;\">\n\t\t\t   <a class=\"button fusion-button button-default button-round fusion-button-large button-large button-flat continue continue-right\" style=\"-webkit-box-shadow:none;-moz-box-shadow:none;box-shadow:none;\" href=\"javascript:abrir('dGhC4yWEUv8=')\" target=\"_self\"><span>ver documento<\/span><\/a>\n\t\t\t   <h2 data-lineheight=\"27\" data-fontsize=\"18\"><i class=\"fa fa-file\" style=\"color:#000000;\"><\/i>&nbsp;&nbsp;&nbsp; Liquidaci\u00f3n presupuesto 2020<\/h2>\n\t\t\t   <div class=\"reading-box-description\">&nbsp;&nbsp;&nbsp;&nbsp;&nbsp;&nbsp;&nbsp;&nbsp;&nbsp;Resultado presupuestario<\/div>\n\t\t\t<\/div>\n\t\t\t\n\t\t\t -->\n\t\t\t\n\t\t\t\n\t\t\t\n\t\t\t\t> <a href=\"javascript:abrir('E3SkVTA0T0A=')\">Liquidaci\u00f3n presupuesto 2021<\/a>\n\t\t\t\tResultado presupuestario<br\/>\n\t\t\t\n\t\t\t\n\t\t\t\n\t\t\t\n\t\t\t\n\t\t\t\n\t\t\t\n\t\t\t\t> <a href=\"javascript:abrir('dGhC4yWEUv8=')\">Liquidaci\u00f3n presupuesto 2020<\/a>\n\t\t\t\tResultado presupuestario<br\/>\n\t\t\t\n\t\t\t\n\t\t\t\n\t\t\t\n\t\t\t\n\t\t\t\n\t\t\n\n\t\t\n\n\t\t\n\n\n<\/body>\n<\/html>\n\n\n\n<\/div><\/div><\/div><div class=\"fusion-panel panel-default\"><div class=\"panel-heading\"><h4 class=\"panel-title toggle\"><a data-toggle=\"collapse\" data-parent=\"#accordion-170-1\" data-target=\"#37e731565d7b33fba\" href=\"#37e731565d7b33fba\"><div class=\"fusion-toggle-icon-wrapper\"><i class=\"fa-fusion-box\"><\/i><\/div><div class=\"fusion-toggle-heading\">Cuentas anuales<\/div><\/a><\/h4><\/div><div id=\"37e731565d7b33fba\" class=\"panel-collapse collapse \"><div class=\"panel-body toggle-content\">\n\n\n\n\n\n<html lang=\"en\">\n<head>\n<meta http-equiv=\"Content-Type\" content=\"text\/html; charset=UTF-8\">\n\t\n<\/head>\n\n\n\n<body>\n\n \n\n\t\t\n\n\t\t\n\t\t\t<script>\n\t\t\tfunction abrir(codigo) { \n\t\t\t\twindow.open (\"https:\/\/carpeta.castalla.org\/\/eAdmin\/\/ValidarDocumento.do?id_Documento=\"+codigo+\"&tipo=doc\",\"_blank\",\"toolbar=0,scrollbars=1,location=1,directories=0,status=1,menubar=0,scrollbars=0,resizable=1,width=1000,height=400\"); \n\t\t\t}\t\n\t\t\t<\/script>\n\t\t\t\n\t\t\t<!-- *************  LISTA DE DOCUMENTOS  ************************ -->\n\t\t\t<!-- \n\t\t\t\n\t\t\t -->\n\t\t\t\n\t\t\t\n\t\t\n\n\t\t\n\n\t\t\n\n\n<\/body>\n<\/html>\n\n\n\n<\/div><\/div><\/div><div class=\"fusion-panel panel-default\"><div class=\"panel-heading\"><h4 class=\"panel-title toggle\"><a data-toggle=\"collapse\" data-parent=\"#accordion-170-1\" data-target=\"#f4ddeb57c4373547d\" href=\"#f4ddeb57c4373547d\"><div class=\"fusion-toggle-icon-wrapper\"><i class=\"fa-fusion-box\"><\/i><\/div><div class=\"fusion-toggle-heading\">Masa salarial<\/div><\/a><\/h4><\/div><div id=\"f4ddeb57c4373547d\" class=\"panel-collapse collapse \"><div class=\"panel-body toggle-content\">\n\n\n\n\n\n<html lang=\"en\">\n<head>\n<meta http-equiv=\"Content-Type\" content=\"text\/html; charset=UTF-8\">\n\t\n<\/head>\n\n\n\n<body>\n\n \n\n\t\t\n\n\t\t\n\t\t\t<script>\n\t\t\tfunction abrir(codigo) { \n\t\t\t\twindow.open (\"https:\/\/carpeta.castalla.org\/\/eAdmin\/\/ValidarDocumento.do?id_Documento=\"+codigo+\"&tipo=doc\",\"_blank\",\"toolbar=0,scrollbars=1,location=1,directories=0,status=1,menubar=0,scrollbars=0,resizable=1,width=1000,height=400\"); \n\t\t\t}\t\n\t\t\t<\/script>\n\t\t\t\n\t\t\t<!-- *************  LISTA DE DOCUMENTOS  ************************ -->\n\t\t\t<!-- \n\t\t\t\n\t\t\t -->\n\t\t\t\n\t\t\t\n\t\t\n\n\t\t\n\n\t\t\n\n\n<\/body>\n<\/html>\n\n\n\n<\/div><\/div><\/div><\/div><\/div>\n","protected":false},"excerpt":{"rendered":"","protected":false},"author":6,"featured_media":0,"parent":13,"menu_order":0,"comment_status":"open","ping_status":"open","template":"","meta":{"footnotes":""},"_links":{"self":[{"href":"https:\/\/transparencia.castalla.org\/index.php?rest_route=\/wp\/v2\/pages\/170"}],"collection":[{"href":"https:\/\/transparencia.castalla.org\/index.php?rest_route=\/wp\/v2\/pages"}],"about":[{"href":"https:\/\/transparencia.castalla.org\/index.php?rest_route=\/wp\/v2\/types\/page"}],"author":[{"embeddable":true,"href":"https:\/\/transparencia.castalla.org\/index.php?rest_route=\/wp\/v2\/users\/6"}],"replies":[{"embeddable":true,"href":"https:\/\/transparencia.castalla.org\/index.php?rest_route=%2Fwp%2Fv2%2Fcomments&post=170"}],"version-history":[{"count":5,"href":"https:\/\/transparencia.castalla.org\/index.php?rest_route=\/wp\/v2\/pages\/170\/revisions"}],"predecessor-version":[{"id":380,"href":"https:\/\/transparencia.castalla.org\/index.php?rest_route=\/wp\/v2\/pages\/170\/revisions\/380"}],"up":[{"embeddable":true,"href":"https:\/\/transparencia.castalla.org\/index.php?rest_route=\/wp\/v2\/pages\/13"}],"wp:attachment":[{"href":"https:\/\/transparencia.castalla.org\/index.php?rest_route=%2Fwp%2Fv2%2Fmedia&parent=170"}],"curies":[{"name":"wp","href":"https:\/\/api.w.org\/{rel}","templated":true}]}}