
{"id":172,"date":"2015-06-25T09:48:35","date_gmt":"2015-06-25T09:48:35","guid":{"rendered":"http:\/\/transparencia.castalla.org\/?page_id=172"},"modified":"2021-02-20T10:19:07","modified_gmt":"2021-02-20T10:19:07","slug":"ingresos-y-gastos","status":"publish","type":"page","link":"https:\/\/transparencia.castalla.org\/?page_id=172","title":{"rendered":"Ingresos y Gastos"},"content":{"rendered":"<div class=\"fusion-fullwidth fullwidth-box fusion-fullwidth-1  fusion-parallax-none hundred-percent-fullwidth\" style=\"border-color:#eae9e9;border-bottom-width: 0px;border-top-width: 0px;border-bottom-style: solid;border-top-style: solid;padding-bottom:50px;padding-top:50px;padding-left:0px;padding-right:0px;background-position:center center;background-repeat:no-repeat;-webkit-background-size:cover;-moz-background-size:cover;-o-background-size:cover;background-size:cover;-ms-filter: &quot;progid:DXImageTransform.Microsoft.AlphaImageLoader(src=&#039;http:\/\/transparencia.castalla.org\/wp-content\/uploads\/2015\/06\/presupuesto-cedec-300x174.jpg&#039;, sizingMethod=&#039;scale&#039;)&quot;;background-image: url(http:\/\/transparencia.castalla.org\/wp-content\/uploads\/2015\/06\/presupuesto-cedec-300x174.jpg);\"><style type=\"text\/css\" scoped=\"scoped\">.fusion-fullwidth-1 {\n                            padding-left: 0px !important;\n                            padding-right: 0px !important;\n                        }<\/style><div class=\"fusion-row\"><h1 style=\"text-align: center;\"><span style=\"color: #bdbdbd;\">Ingresos y gastos<\/span><\/h1>\n<\/div><\/div><div class=\"accordian fusion-accordian\"><div class=\"panel-group\" id=\"accordion-172-1\"><div class=\"fusion-panel panel-default\"><div class=\"panel-heading\"><h4 class=\"panel-title toggle\"><a data-toggle=\"collapse\" data-parent=\"#accordion-172-1\" data-target=\"#d5cd27616aba5c0f2\" href=\"#d5cd27616aba5c0f2\"><div class=\"fusion-toggle-icon-wrapper\"><i class=\"fa-fusion-box\"><\/i><\/div><div class=\"fusion-toggle-heading\">Ingresos fiscales por habitante (Ingresos tributarios\/N\u00ba habitantes)<\/div><\/a><\/h4><\/div><div id=\"d5cd27616aba5c0f2\" class=\"panel-collapse collapse \"><div class=\"panel-body toggle-content\">\n\n\n\n\n\n<html lang=\"en\">\n<head>\n<meta http-equiv=\"Content-Type\" content=\"text\/html; charset=UTF-8\">\n\t\n<\/head>\n\n\n\n<body>\n\n \n\n\t\t\n\n\t\t\n\t\t\t<script>\n\t\t\tfunction abrir(codigo) { \n\t\t\t\twindow.open (\"https:\/\/carpeta.castalla.org\/\/eAdmin\/\/ValidarDocumento.do?id_Documento=\"+codigo+\"&tipo=doc\",\"_blank\",\"toolbar=0,scrollbars=1,location=1,directories=0,status=1,menubar=0,scrollbars=0,resizable=1,width=1000,height=400\"); \n\t\t\t}\t\n\t\t\t<\/script>\n\t\t\t\n\t\t\t<!-- *************  LISTA DE DOCUMENTOS  ************************ -->\n\t\t\t<!-- \n\t\t\t\n\t\t\t -->\n\t\t\t\n\t\t\t\n\t\t\n\n\t\t\n\n\t\t\n\n\n<\/body>\n<\/html>\n\n\n\n<\/div><\/div><\/div><div class=\"fusion-panel panel-default\"><div class=\"panel-heading\"><h4 class=\"panel-title toggle\"><a data-toggle=\"collapse\" data-parent=\"#accordion-172-1\" data-target=\"#96f73a0bb4f4d70e2\" href=\"#96f73a0bb4f4d70e2\"><div class=\"fusion-toggle-icon-wrapper\"><i class=\"fa-fusion-box\"><\/i><\/div><div class=\"fusion-toggle-heading\">Gasto por habitante (Obligaciones reconocidas netas \/ N\u00ba habitantes)<\/div><\/a><\/h4><\/div><div id=\"96f73a0bb4f4d70e2\" class=\"panel-collapse collapse \"><div class=\"panel-body toggle-content\">\n\n\n\n\n\n<html lang=\"en\">\n<head>\n<meta http-equiv=\"Content-Type\" content=\"text\/html; charset=UTF-8\">\n\t\n<\/head>\n\n\n\n<body>\n\n \n\n\t\t\n\n\t\t\n\t\t\t<script>\n\t\t\tfunction abrir(codigo) { \n\t\t\t\twindow.open (\"https:\/\/carpeta.castalla.org\/\/eAdmin\/\/ValidarDocumento.do?id_Documento=\"+codigo+\"&tipo=doc\",\"_blank\",\"toolbar=0,scrollbars=1,location=1,directories=0,status=1,menubar=0,scrollbars=0,resizable=1,width=1000,height=400\"); \n\t\t\t}\t\n\t\t\t<\/script>\n\t\t\t\n\t\t\t<!-- *************  LISTA DE DOCUMENTOS  ************************ -->\n\t\t\t<!-- \n\t\t\t\n\t\t\t -->\n\t\t\t\n\t\t\t\n\t\t\n\n\t\t\n\n\t\t\n\n\n<\/body>\n<\/html>\n\n\n\n<\/div><\/div><\/div><div class=\"fusion-panel panel-default\"><div class=\"panel-heading\"><h4 class=\"panel-title toggle\"><a data-toggle=\"collapse\" data-parent=\"#accordion-172-1\" data-target=\"#7c066606a01e159f0\" href=\"#7c066606a01e159f0\"><div class=\"fusion-toggle-icon-wrapper\"><i class=\"fa-fusion-box\"><\/i><\/div><div class=\"fusion-toggle-heading\">Inversi\u00f3n por habitante (Obligaciones reconocidas netas (Cap. VI y VII) \/ N\u00ba habitantes)<\/div><\/a><\/h4><\/div><div id=\"7c066606a01e159f0\" class=\"panel-collapse collapse \"><div class=\"panel-body toggle-content\">\n\n\n\n\n\n<html lang=\"en\">\n<head>\n<meta http-equiv=\"Content-Type\" content=\"text\/html; charset=UTF-8\">\n\t\n<\/head>\n\n\n\n<body>\n\n \n\n\t\t\n\n\t\t\n\t\t\t<script>\n\t\t\tfunction abrir(codigo) { \n\t\t\t\twindow.open (\"https:\/\/carpeta.castalla.org\/\/eAdmin\/\/ValidarDocumento.do?id_Documento=\"+codigo+\"&tipo=doc\",\"_blank\",\"toolbar=0,scrollbars=1,location=1,directories=0,status=1,menubar=0,scrollbars=0,resizable=1,width=1000,height=400\"); \n\t\t\t}\t\n\t\t\t<\/script>\n\t\t\t\n\t\t\t<!-- *************  LISTA DE DOCUMENTOS  ************************ -->\n\t\t\t<!-- \n\t\t\t\n\t\t\t -->\n\t\t\t\n\t\t\t\n\t\t\n\n\t\t\n\n\t\t\n\n\n<\/body>\n<\/html>\n\n\n\n<\/div><\/div><\/div><div class=\"fusion-panel panel-default\"><div class=\"panel-heading\"><h4 class=\"panel-title toggle\"><a data-toggle=\"collapse\" data-parent=\"#accordion-172-1\" data-target=\"#569aeb2f1ca0d74b2\" href=\"#569aeb2f1ca0d74b2\"><div class=\"fusion-toggle-icon-wrapper\"><i class=\"fa-fusion-box\"><\/i><\/div><div class=\"fusion-toggle-heading\">Periodo medio de cobro (Derechos pendientes de cobro (Cap I a III) x 365 \/ Derechos reconocidos netos)<\/div><\/a><\/h4><\/div><div id=\"569aeb2f1ca0d74b2\" class=\"panel-collapse collapse \"><div class=\"panel-body toggle-content\">\n\n\n\n\n\n<html lang=\"en\">\n<head>\n<meta http-equiv=\"Content-Type\" content=\"text\/html; charset=UTF-8\">\n\t\n<\/head>\n\n\n\n<body>\n\n \n\n\t\t\n\n\t\t\n\t\t\t<script>\n\t\t\tfunction abrir(codigo) { \n\t\t\t\twindow.open (\"https:\/\/carpeta.castalla.org\/\/eAdmin\/\/ValidarDocumento.do?id_Documento=\"+codigo+\"&tipo=doc\",\"_blank\",\"toolbar=0,scrollbars=1,location=1,directories=0,status=1,menubar=0,scrollbars=0,resizable=1,width=1000,height=400\"); \n\t\t\t}\t\n\t\t\t<\/script>\n\t\t\t\n\t\t\t<!-- *************  LISTA DE DOCUMENTOS  ************************ -->\n\t\t\t<!-- \n\t\t\t\n\t\t\t -->\n\t\t\t\n\t\t\t\n\t\t\n\n\t\t\n\n\t\t\n\n\n<\/body>\n<\/html>\n\n\n\n<\/div><\/div><\/div><div class=\"fusion-panel panel-default\"><div class=\"panel-heading\"><h4 class=\"panel-title toggle\"><a data-toggle=\"collapse\" data-parent=\"#accordion-172-1\" data-target=\"#d75d968d01eb4d6ee\" href=\"#d75d968d01eb4d6ee\"><div class=\"fusion-toggle-icon-wrapper\"><i class=\"fa-fusion-box\"><\/i><\/div><div class=\"fusion-toggle-heading\">Informes relativos a las medidas de lucha contra la morosidad en los operaciones comerciales de pago a proveedores<\/div><\/a><\/h4><\/div><div id=\"d75d968d01eb4d6ee\" class=\"panel-collapse collapse \"><div class=\"panel-body toggle-content\">\n\n\n\n\n\n<html lang=\"en\">\n<head>\n<meta http-equiv=\"Content-Type\" content=\"text\/html; charset=UTF-8\">\n\t\n<\/head>\n\n\n\n<body>\n\n \n\n\t\t\n\n\t\t\n\t\t\t<script>\n\t\t\tfunction abrir(codigo) { \n\t\t\t\twindow.open (\"https:\/\/carpeta.castalla.org\/\/eAdmin\/\/ValidarDocumento.do?id_Documento=\"+codigo+\"&tipo=doc\",\"_blank\",\"toolbar=0,scrollbars=1,location=1,directories=0,status=1,menubar=0,scrollbars=0,resizable=1,width=1000,height=400\"); \n\t\t\t}\t\n\t\t\t<\/script>\n\t\t\t\n\t\t\t<!-- *************  LISTA DE DOCUMENTOS  ************************ -->\n\t\t\t<!-- \n\t\t\t\n\t\t\t -->\n\t\t\t\n\t\t\t\n\t\t\n\n\t\t\n\n\t\t\n\n\n<\/body>\n<\/html>\n\n\n\n<\/div><\/div><\/div><div class=\"fusion-panel panel-default\"><div class=\"panel-heading\"><h4 class=\"panel-title toggle\"><a data-toggle=\"collapse\" data-parent=\"#accordion-172-1\" data-target=\"#bcec9b9159b1e4134\" href=\"#bcec9b9159b1e4134\"><div class=\"fusion-toggle-icon-wrapper\"><i class=\"fa-fusion-box\"><\/i><\/div><div class=\"fusion-toggle-heading\">Importe de la deuda p\u00fablica municipal consolidada y su evoluci\u00f3n en comparaci\u00f3n con ejercicios anteriores<\/div><\/a><\/h4><\/div><div id=\"bcec9b9159b1e4134\" class=\"panel-collapse collapse \"><div class=\"panel-body toggle-content\">\n\n\n\n\n\n<html lang=\"en\">\n<head>\n<meta http-equiv=\"Content-Type\" content=\"text\/html; charset=UTF-8\">\n\t\n<\/head>\n\n\n\n<body>\n\n \n\n\t\t\n\n\t\t\n\t\t\t<script>\n\t\t\tfunction abrir(codigo) { \n\t\t\t\twindow.open (\"https:\/\/carpeta.castalla.org\/\/eAdmin\/\/ValidarDocumento.do?id_Documento=\"+codigo+\"&tipo=doc\",\"_blank\",\"toolbar=0,scrollbars=1,location=1,directories=0,status=1,menubar=0,scrollbars=0,resizable=1,width=1000,height=400\"); \n\t\t\t}\t\n\t\t\t<\/script>\n\t\t\t\n\t\t\t<!-- *************  LISTA DE DOCUMENTOS  ************************ -->\n\t\t\t<!-- \n\t\t\t\n\t\t\t -->\n\t\t\t\n\t\t\t\n\t\t\n\n\t\t\n\n\t\t\n\n\n<\/body>\n<\/html>\n\n\n\n<\/div><\/div><\/div><\/div><\/div>\n","protected":false},"excerpt":{"rendered":"","protected":false},"author":6,"featured_media":0,"parent":13,"menu_order":0,"comment_status":"open","ping_status":"open","template":"","meta":{"footnotes":""},"_links":{"self":[{"href":"https:\/\/transparencia.castalla.org\/index.php?rest_route=\/wp\/v2\/pages\/172"}],"collection":[{"href":"https:\/\/transparencia.castalla.org\/index.php?rest_route=\/wp\/v2\/pages"}],"about":[{"href":"https:\/\/transparencia.castalla.org\/index.php?rest_route=\/wp\/v2\/types\/page"}],"author":[{"embeddable":true,"href":"https:\/\/transparencia.castalla.org\/index.php?rest_route=\/wp\/v2\/users\/6"}],"replies":[{"embeddable":true,"href":"https:\/\/transparencia.castalla.org\/index.php?rest_route=%2Fwp%2Fv2%2Fcomments&post=172"}],"version-history":[{"count":4,"href":"https:\/\/transparencia.castalla.org\/index.php?rest_route=\/wp\/v2\/pages\/172\/revisions"}],"predecessor-version":[{"id":381,"href":"https:\/\/transparencia.castalla.org\/index.php?rest_route=\/wp\/v2\/pages\/172\/revisions\/381"}],"up":[{"embeddable":true,"href":"https:\/\/transparencia.castalla.org\/index.php?rest_route=\/wp\/v2\/pages\/13"}],"wp:attachment":[{"href":"https:\/\/transparencia.castalla.org\/index.php?rest_route=%2Fwp%2Fv2%2Fmedia&parent=172"}],"curies":[{"name":"wp","href":"https:\/\/api.w.org\/{rel}","templated":true}]}}